{"id":69,"date":"2018-06-29T09:20:08","date_gmt":"2018-06-29T09:20:08","guid":{"rendered":"http:\/\/iui.kinderschloss-st-martin.de\/?page_id=69"},"modified":"2026-02-05T08:34:41","modified_gmt":"2026-02-05T08:34:41","slug":"oeffnungszeiten","status":"publish","type":"page","link":"https:\/\/www.kita-ich-und-du.de\/?page_id=69","title":{"rendered":"Geb\u00fchren"},"content":{"rendered":"<p style=\"text-align: center;\"><span style=\"font-family: comic sans ms,sans-serif;\"><strong><span style=\"font-size: 14pt;\">Die Geb\u00fchren richten sich nach dem Durchschnitt der t\u00e4glich gebuchten Zeiten pro Woche<br \/>\n<\/span><\/strong><\/span><\/p>\n<p style=\"text-align: center;\"><strong><span style=\"font-size: 14pt; font-family: comic sans ms,sans-serif;\">Kindergarten:<\/span><\/strong><\/p>\n<p style=\"text-align: center;\"><span style=\"font-family: comic sans ms,sans-serif;\">4-5 Std.\u00a0 110\u20ac<\/span><\/p>\n<p style=\"text-align: center;\"><span style=\"font-family: comic sans ms,sans-serif;\">5-6 Std.\u00a0 120\u20ac<\/span><\/p>\n<p style=\"text-align: center;\"><span style=\"font-family: comic sans ms,sans-serif;\">6-7 Std. 131\u20ac<\/span><\/p>\n<p style=\"text-align: center;\"><span style=\"font-family: comic sans ms,sans-serif;\">7-8 Std. 141\u20ac<\/span><\/p>\n<p style=\"text-align: center;\"><span style=\"font-family: comic sans ms,sans-serif;\">8-9 Std. 151\u20ac<\/span><\/p>\n<p style=\"text-align: center;\"><strong><span style=\"font-size: 14pt; font-family: comic sans ms,sans-serif;\">Hausaufgabenbetreuung:<\/span><\/strong><\/p>\n<p style=\"text-align: center;\">1-2 Std. 88\u20ac<\/p>\n<p style=\"text-align: center;\"><span style=\"font-family: comic sans ms,sans-serif;\">2-3 Std.\u00a0 94\u20ac<\/span><\/p>\n<p style=\"text-align: center;\"><span style=\"font-family: comic sans ms,sans-serif;\">3-4 Std.\u00a0 100\u20ac<\/span><\/p>\n<p style=\"text-align: center;\"><span style=\"font-family: comic sans ms,sans-serif;\"><span style=\"font-size: 14pt;\">Mittagsverpflegung: <\/span>monatl. 60\u20ac (5x w\u00f6chentlich Essen)<br \/>\n<\/span><\/p>\n<p style=\"text-align: center;\"><span style=\"font-family: comic sans ms,sans-serif;\"><span style=\"font-size: 14pt;\">Getr\u00e4nke-, Spiel- und B\u00fcchergeld<\/span> monatl. 9,50\u20ac<\/span><\/p>\n<p style=\"text-align: center;\"><span style=\"font-family: comic sans ms,sans-serif;\">Eltern von Kindern im Kindergartenalter (ab 3 Jahren) bekommen monatlich 100\u20ac Beitragszuschuss vom Freistaat Bayern<\/span><\/p>\n<p style=\"text-align: center;\">Die Betreuungsgeb\u00fchren werden im Januar 2027 weiter angehoben werden.<\/p>\n<p>&nbsp;<\/p>\n","protected":false},"excerpt":{"rendered":"<p>Die Geb\u00fchren richten sich nach dem Durchschnitt der t\u00e4glich gebuchten Zeiten pro Woche Kindergarten: 4-5 Std.\u00a0 110\u20ac 5-6 Std.\u00a0 120\u20ac 6-7 Std. 131\u20ac 7-8 Std. 141\u20ac 8-9 Std. 151\u20ac Hausaufgabenbetreuung: 1-2 Std. 88\u20ac 2-3 Std.\u00a0 94\u20ac 3-4 Std.\u00a0 100\u20ac Mittagsverpflegung: monatl. 60\u20ac (5x w\u00f6chentlich Essen) Getr\u00e4nke-, Spiel- und B\u00fcchergeld monatl. 9,50\u20ac Eltern von Kindern im [&hellip;]<\/p>\n","protected":false},"author":1,"featured_media":0,"parent":37,"menu_order":3,"comment_status":"closed","ping_status":"closed","template":"","meta":[],"_links":{"self":[{"href":"https:\/\/www.kita-ich-und-du.de\/index.php?rest_route=\/wp\/v2\/pages\/69"}],"collection":[{"href":"https:\/\/www.kita-ich-und-du.de\/index.php?rest_route=\/wp\/v2\/pages"}],"about":[{"href":"https:\/\/www.kita-ich-und-du.de\/index.php?rest_route=\/wp\/v2\/types\/page"}],"author":[{"embeddable":true,"href":"https:\/\/www.kita-ich-und-du.de\/index.php?rest_route=\/wp\/v2\/users\/1"}],"replies":[{"embeddable":true,"href":"https:\/\/www.kita-ich-und-du.de\/index.php?rest_route=%2Fwp%2Fv2%2Fcomments&post=69"}],"version-history":[{"count":15,"href":"https:\/\/www.kita-ich-und-du.de\/index.php?rest_route=\/wp\/v2\/pages\/69\/revisions"}],"predecessor-version":[{"id":589,"href":"https:\/\/www.kita-ich-und-du.de\/index.php?rest_route=\/wp\/v2\/pages\/69\/revisions\/589"}],"up":[{"embeddable":true,"href":"https:\/\/www.kita-ich-und-du.de\/index.php?rest_route=\/wp\/v2\/pages\/37"}],"wp:attachment":[{"href":"https:\/\/www.kita-ich-und-du.de\/index.php?rest_route=%2Fwp%2Fv2%2Fmedia&parent=69"}],"curies":[{"name":"wp","href":"https:\/\/api.w.org\/{rel}","templated":true}]}}