{"id":63,"date":"2018-06-29T09:17:05","date_gmt":"2018-06-29T09:17:05","guid":{"rendered":"http:\/\/iui.kinderschloss-st-martin.de\/?page_id=63"},"modified":"2019-01-25T09:12:54","modified_gmt":"2019-01-25T09:12:54","slug":"traeger","status":"publish","type":"page","link":"https:\/\/www.kita-ich-und-du.de\/?page_id=63","title":{"rendered":"Tr\u00e4ger"},"content":{"rendered":"<p style=\"text-align: center;\"><span style=\"font-family: comic sans ms,sans-serif;\"><strong>Tr\u00e4ger<\/strong><\/span><\/p>\n<p style=\"text-align: center;\"><span style=\"font-family: comic sans ms,sans-serif;\">Kirchenstiftung Mari\u00e4 Himmelfahrt, Miesbach<\/span><\/p>\n<p style=\"text-align: center;\"><span style=\"font-family: comic sans ms,sans-serif;\">Herr Dekan\u00a0 Pfarrer Michael Mannhardt<\/span><\/p>\n<p style=\"text-align: center;\"><span style=\"font-family: comic sans ms,sans-serif;\">\u00a0 <u>Gru\u00dfwort<br \/>\n<\/u><\/span><\/p>\n<p style=\"text-align: center;\"><span style=\"font-family: comic sans ms,sans-serif;\">\u201eGr\u00fc\u00df Gott und herzlich Willkommen\u201c sage ich als zust\u00e4ndiger Pfarrer der Katholischen Integrationseinrichtung Ich &amp; Du. Unser Haus \u2013 in katholischer Tr\u00e4gerschaft \u2013 m\u00f6chte Kinder mit und ohne Handicap f\u00f6rdern und so zu mehr gegenseitigem Respekt, Verst\u00e4ndnis, Hilfsbereitschaft und Toleranz in der Welt f\u00fchren. Das Wirken in unserer Gemeinschaft steht unter dem Stern christlicher Wertvorstellungen. F\u00fcr die Kinder soll hierdurch ein Fundament f\u00fcr ein gelungenes Leben geschaffen werden, das den Anforderungen von Gegenwart und Zukunft gerecht werden kann. M\u00f6glich ist dies freilich nur in enger Kooperation mit Eltern und Erziehungsberechtigten.<\/span><\/p>\n<p style=\"text-align: center;\"><span style=\"font-family: comic sans ms,sans-serif;\">So w\u00fcnsche ich uns allen die n\u00f6tige Offenheit zum Miteinander und vor allem Gottes Segen f\u00fcr die verantwortungsvolle Aufgabe, Kindern einen Weg in die Zukunft.<\/span><\/p>\n<p>&nbsp;<\/p>\n","protected":false},"excerpt":{"rendered":"<p>Tr\u00e4ger Kirchenstiftung Mari\u00e4 Himmelfahrt, Miesbach Herr Dekan\u00a0 Pfarrer Michael Mannhardt \u00a0 Gru\u00dfwort \u201eGr\u00fc\u00df Gott und herzlich Willkommen\u201c sage ich als zust\u00e4ndiger Pfarrer der Katholischen Integrationseinrichtung Ich &amp; Du. Unser Haus \u2013 in katholischer Tr\u00e4gerschaft \u2013 m\u00f6chte Kinder mit und ohne Handicap f\u00f6rdern und so zu mehr gegenseitigem Respekt, Verst\u00e4ndnis, Hilfsbereitschaft und Toleranz in der Welt [&hellip;]<\/p>\n","protected":false},"author":1,"featured_media":0,"parent":61,"menu_order":0,"comment_status":"closed","ping_status":"closed","template":"","meta":[],"_links":{"self":[{"href":"https:\/\/www.kita-ich-und-du.de\/index.php?rest_route=\/wp\/v2\/pages\/63"}],"collection":[{"href":"https:\/\/www.kita-ich-und-du.de\/index.php?rest_route=\/wp\/v2\/pages"}],"about":[{"href":"https:\/\/www.kita-ich-und-du.de\/index.php?rest_route=\/wp\/v2\/types\/page"}],"author":[{"embeddable":true,"href":"https:\/\/www.kita-ich-und-du.de\/index.php?rest_route=\/wp\/v2\/users\/1"}],"replies":[{"embeddable":true,"href":"https:\/\/www.kita-ich-und-du.de\/index.php?rest_route=%2Fwp%2Fv2%2Fcomments&post=63"}],"version-history":[{"count":7,"href":"https:\/\/www.kita-ich-und-du.de\/index.php?rest_route=\/wp\/v2\/pages\/63\/revisions"}],"predecessor-version":[{"id":278,"href":"https:\/\/www.kita-ich-und-du.de\/index.php?rest_route=\/wp\/v2\/pages\/63\/revisions\/278"}],"up":[{"embeddable":true,"href":"https:\/\/www.kita-ich-und-du.de\/index.php?rest_route=\/wp\/v2\/pages\/61"}],"wp:attachment":[{"href":"https:\/\/www.kita-ich-und-du.de\/index.php?rest_route=%2Fwp%2Fv2%2Fmedia&parent=63"}],"curies":[{"name":"wp","href":"https:\/\/api.w.org\/{rel}","templated":true}]}}