{"id":245,"date":"2018-12-13T08:06:58","date_gmt":"2018-12-13T08:06:58","guid":{"rendered":"http:\/\/www.kita-ich-und-du.de\/?page_id=245"},"modified":"2022-05-19T12:46:20","modified_gmt":"2022-05-19T12:46:20","slug":"wen-wir-betreuen","status":"publish","type":"page","link":"https:\/\/www.kita-ich-und-du.de\/?page_id=245","title":{"rendered":"Wen wir betreuen"},"content":{"rendered":"<p style=\"text-align: center;\"><span style=\"font-family: comic sans ms,sans-serif;\">Unsere Einrichtung ist bunt: Es gibt eine \u201eRote Gruppe\u201d (Integrationsgruppe), eine \u201eBlaue Gruppe\u201d (Regelgruppe) und eine \u201eLila Gruppe\u201d (Schulkindgruppe).<br \/>\n<\/span><\/p>\n<p style=\"text-align: center;\"><span style=\"font-family: comic sans ms,sans-serif;\">Unter familien\u00e4hnlichen Rahmenbedingungen betreuen wir Kindergartenkinder ab 3\u00a0 Jahren bis zum Schuleintritt, Integrationskinder (Kinder mit Behinderung oder von Behinderung bedroht) und Schulkinder zur Hausaufgabenbetreuung (1.- 4. Klasse), Kinder egal welcher Herkunft und Konfession. Unser p\u00e4dagogisches Personal entscheidet gemeinsam mit dem Tr\u00e4ger individuell welches Kind in unsere Einrichtung gehen kann. Dies geschieht nach verschiedenen p\u00e4dagogischen Gesichtspunkten, gesetzlichen Bestimmungen und\/oder auf Grund der Rahmenbedingungen der Einrichtung.<\/span><\/p>\n","protected":false},"excerpt":{"rendered":"<p>Unsere Einrichtung ist bunt: Es gibt eine \u201eRote Gruppe\u201d (Integrationsgruppe), eine \u201eBlaue Gruppe\u201d (Regelgruppe) und eine \u201eLila Gruppe\u201d (Schulkindgruppe). Unter familien\u00e4hnlichen Rahmenbedingungen betreuen wir Kindergartenkinder ab 3\u00a0 Jahren bis zum Schuleintritt, Integrationskinder (Kinder mit Behinderung oder von Behinderung bedroht) und Schulkinder zur Hausaufgabenbetreuung (1.- 4. Klasse), Kinder egal welcher Herkunft und Konfession. Unser p\u00e4dagogisches Personal [&hellip;]<\/p>\n","protected":false},"author":1,"featured_media":0,"parent":37,"menu_order":1,"comment_status":"closed","ping_status":"closed","template":"","meta":[],"_links":{"self":[{"href":"https:\/\/www.kita-ich-und-du.de\/index.php?rest_route=\/wp\/v2\/pages\/245"}],"collection":[{"href":"https:\/\/www.kita-ich-und-du.de\/index.php?rest_route=\/wp\/v2\/pages"}],"about":[{"href":"https:\/\/www.kita-ich-und-du.de\/index.php?rest_route=\/wp\/v2\/types\/page"}],"author":[{"embeddable":true,"href":"https:\/\/www.kita-ich-und-du.de\/index.php?rest_route=\/wp\/v2\/users\/1"}],"replies":[{"embeddable":true,"href":"https:\/\/www.kita-ich-und-du.de\/index.php?rest_route=%2Fwp%2Fv2%2Fcomments&post=245"}],"version-history":[{"count":5,"href":"https:\/\/www.kita-ich-und-du.de\/index.php?rest_route=\/wp\/v2\/pages\/245\/revisions"}],"predecessor-version":[{"id":484,"href":"https:\/\/www.kita-ich-und-du.de\/index.php?rest_route=\/wp\/v2\/pages\/245\/revisions\/484"}],"up":[{"embeddable":true,"href":"https:\/\/www.kita-ich-und-du.de\/index.php?rest_route=\/wp\/v2\/pages\/37"}],"wp:attachment":[{"href":"https:\/\/www.kita-ich-und-du.de\/index.php?rest_route=%2Fwp%2Fv2%2Fmedia&parent=245"}],"curies":[{"name":"wp","href":"https:\/\/api.w.org\/{rel}","templated":true}]}}