{"id":243,"date":"2018-12-13T07:58:36","date_gmt":"2018-12-13T07:58:36","guid":{"rendered":"http:\/\/www.kita-ich-und-du.de\/?page_id=243"},"modified":"2025-11-14T10:07:53","modified_gmt":"2025-11-14T10:07:53","slug":"anmeldung","status":"publish","type":"page","link":"https:\/\/www.kita-ich-und-du.de\/?page_id=243","title":{"rendered":"Anmeldung"},"content":{"rendered":"<p style=\"text-align: center;\">Anmeldung im Portal unter:<\/p>\n<p style=\"text-align: center;\"><a href=\"https:\/\/kinderbetreuung-landkreis-miesbach.little-bird.de\/\">https:\/\/kinderbetreuung-landkreis-miesbach.little-bird.de\/<\/a><\/p>\n<p>&nbsp;<\/p>\n<p style=\"text-align: center;\">Gerne k\u00f6nnen Sie f\u00fcr ein pers\u00f6nliches\u00a0 Kennenlernen auch einen Termin bei uns in der Einrichtung vereinbaren.<\/p>\n","protected":false},"excerpt":{"rendered":"<p>Anmeldung im Portal unter: https:\/\/kinderbetreuung-landkreis-miesbach.little-bird.de\/ &nbsp; Gerne k\u00f6nnen Sie f\u00fcr ein pers\u00f6nliches\u00a0 Kennenlernen auch einen Termin bei uns in der Einrichtung vereinbaren.<\/p>\n","protected":false},"author":1,"featured_media":0,"parent":37,"menu_order":4,"comment_status":"closed","ping_status":"closed","template":"","meta":[],"_links":{"self":[{"href":"https:\/\/www.kita-ich-und-du.de\/index.php?rest_route=\/wp\/v2\/pages\/243"}],"collection":[{"href":"https:\/\/www.kita-ich-und-du.de\/index.php?rest_route=\/wp\/v2\/pages"}],"about":[{"href":"https:\/\/www.kita-ich-und-du.de\/index.php?rest_route=\/wp\/v2\/types\/page"}],"author":[{"embeddable":true,"href":"https:\/\/www.kita-ich-und-du.de\/index.php?rest_route=\/wp\/v2\/users\/1"}],"replies":[{"embeddable":true,"href":"https:\/\/www.kita-ich-und-du.de\/index.php?rest_route=%2Fwp%2Fv2%2Fcomments&post=243"}],"version-history":[{"count":6,"href":"https:\/\/www.kita-ich-und-du.de\/index.php?rest_route=\/wp\/v2\/pages\/243\/revisions"}],"predecessor-version":[{"id":583,"href":"https:\/\/www.kita-ich-und-du.de\/index.php?rest_route=\/wp\/v2\/pages\/243\/revisions\/583"}],"up":[{"embeddable":true,"href":"https:\/\/www.kita-ich-und-du.de\/index.php?rest_route=\/wp\/v2\/pages\/37"}],"wp:attachment":[{"href":"https:\/\/www.kita-ich-und-du.de\/index.php?rest_route=%2Fwp%2Fv2%2Fmedia&parent=243"}],"curies":[{"name":"wp","href":"https:\/\/api.w.org\/{rel}","templated":true}]}}