{"id":231,"date":"2018-11-26T11:43:37","date_gmt":"2018-11-26T11:43:37","guid":{"rendered":"http:\/\/www.kita-ich-und-du.de\/?page_id=231"},"modified":"2020-12-22T09:03:05","modified_gmt":"2020-12-22T09:03:05","slug":"hausaufgabenbetreuung","status":"publish","type":"page","link":"https:\/\/www.kita-ich-und-du.de\/?page_id=231","title":{"rendered":"Schulkindbetreuung"},"content":{"rendered":"<p style=\"text-align: center;\">In unserer Einrichtung bieten wir von <strong>Montag bis Donnerstag<\/strong> f\u00fcr Kinder der 1. &#8211; 4. Klasse eine Schulkindbetreuung an. Der Freitag ist ein \u201eFrei-Tag\u201d. Es besteht die M\u00f6glichkeit, freiwillig Hausaufgaben zu machen. Wer lieber spielt, basteln m\u00f6chte oder einfach das tun mag, was einem gut tut, hat hier die Chance.<\/p>\n<p style=\"text-align: center;\">Die Hausaufgaben erledigen die Kinder selbst\u00e4ndig, in einer festen zeitlichen Struktur, am eigenen\u00a0 Platz. Die Kinder arbeiten ruhig und konzentriert und wer Hilfe braucht, meldet sich und wartet, bis er an der Reihe ist. Die Kinder d\u00fcrfen sich auch gegenseitig helfen, soweit der Ablauf nicht gest\u00f6rt wird. W\u00e4hrend der Hausaufgabenzeit stehen wir den Kindern als Ansprechpartner zur Verf\u00fcgung und geben Hilfestellung zur selbst\u00e4ndigen Arbeit (z. B. Vermitteln von Lern- und Arbeitstechniken, Gebrauch von Medien f\u00fcr Informationen). Wir kontrollieren auf Vollst\u00e4ndigkeit, verf\u00e4lschen jedoch nicht durch allzu h\u00e4ufiges Korrigieren die eigenst\u00e4ndige Leistungsf\u00e4higkeit. Nachhilfe wird nicht erteilt. Wichtig ist auch die Nachkontrolle der Hausaufgaben durch die Eltern zu Hause.<\/p>\n<p style=\"text-align: center;\">F\u00fcr alle, die ihre Hausaufgaben erledigt haben, gibt es die M\u00f6glichkeit, ihrer Kreativit\u00e4t, Spiellust und ihrem Bewegungsdrang nachzukommen.<\/p>\n<p style=\"text-align: center;\">In den Ferien werden gemeinsame Aktivit\u00e4ten angeboten, die von den Kindern mitbestimmt werden. Z.B. Ausfl\u00fcge, Waldtage, \u00dcbernachtung etc.<\/p>\n","protected":false},"excerpt":{"rendered":"<p>In unserer Einrichtung bieten wir von Montag bis Donnerstag f\u00fcr Kinder der 1. &#8211; 4. Klasse eine Schulkindbetreuung an. Der Freitag ist ein \u201eFrei-Tag\u201d. Es besteht die M\u00f6glichkeit, freiwillig Hausaufgaben zu machen. Wer lieber spielt, basteln m\u00f6chte oder einfach das tun mag, was einem gut tut, hat hier die Chance. Die Hausaufgaben erledigen die Kinder [&hellip;]<\/p>\n","protected":false},"author":1,"featured_media":0,"parent":47,"menu_order":8,"comment_status":"closed","ping_status":"closed","template":"","meta":[],"_links":{"self":[{"href":"https:\/\/www.kita-ich-und-du.de\/index.php?rest_route=\/wp\/v2\/pages\/231"}],"collection":[{"href":"https:\/\/www.kita-ich-und-du.de\/index.php?rest_route=\/wp\/v2\/pages"}],"about":[{"href":"https:\/\/www.kita-ich-und-du.de\/index.php?rest_route=\/wp\/v2\/types\/page"}],"author":[{"embeddable":true,"href":"https:\/\/www.kita-ich-und-du.de\/index.php?rest_route=\/wp\/v2\/users\/1"}],"replies":[{"embeddable":true,"href":"https:\/\/www.kita-ich-und-du.de\/index.php?rest_route=%2Fwp%2Fv2%2Fcomments&post=231"}],"version-history":[{"count":4,"href":"https:\/\/www.kita-ich-und-du.de\/index.php?rest_route=\/wp\/v2\/pages\/231\/revisions"}],"predecessor-version":[{"id":414,"href":"https:\/\/www.kita-ich-und-du.de\/index.php?rest_route=\/wp\/v2\/pages\/231\/revisions\/414"}],"up":[{"embeddable":true,"href":"https:\/\/www.kita-ich-und-du.de\/index.php?rest_route=\/wp\/v2\/pages\/47"}],"wp:attachment":[{"href":"https:\/\/www.kita-ich-und-du.de\/index.php?rest_route=%2Fwp%2Fv2%2Fmedia&parent=231"}],"curies":[{"name":"wp","href":"https:\/\/api.w.org\/{rel}","templated":true}]}}