{"id":227,"date":"2018-11-26T11:32:49","date_gmt":"2018-11-26T11:32:49","guid":{"rendered":"http:\/\/www.kita-ich-und-du.de\/?page_id=227"},"modified":"2018-11-26T11:41:56","modified_gmt":"2018-11-26T11:41:56","slug":"mittagessen","status":"publish","type":"page","link":"https:\/\/www.kita-ich-und-du.de\/?page_id=227","title":{"rendered":"Mittagessen"},"content":{"rendered":"<p style=\"text-align: center;\"><span style=\"font-family: comic sans ms,sans-serif;\">Wir essen gemeinsam mit den Kindern zu Mittag. Das Mittagessen wird t\u00e4glich frisch gekocht. Auch der Speiseplan wird von den Kindern mitbestimmt. <\/span><\/p>\n<p style=\"text-align: center;\"><span style=\"font-family: comic sans ms,sans-serif;\">Die Tische werden sch\u00f6n gedeckt und ein gemeinsames Tischgebet leitet die Mahlzeit ein. Dieser gem\u00fctlichen Atmosph\u00e4re geben wir Raum und Zeit!<\/span><\/p>\n<p style=\"text-align: center;\"><span style=\"font-family: comic sans ms,sans-serif;\">Alle helfen beim Aufr\u00e4umen und anschlie\u00dfend k\u00f6nnen sich die Kinder in einer Ruhephase erholen, beim Geschichten erz\u00e4hlen, Schlafen, zur Ruhe kommen, Kassetten h\u00f6ren, usw.<\/span><\/p>\n<p style=\"text-align: center;\"><span style=\"font-family: comic sans ms,sans-serif;\">Durch solche gemeinsamen Zeiten wird das Zusammengeh\u00f6rigkeitsgef\u00fchl gest\u00e4rkt und die Kinder erleben zeitliche und r\u00e4umliche Abl\u00e4ufe und Rituale. Dadurch gewinnen sie f\u00fcr ihren Alltag an Sicherheit und Kompetenz.<\/span><\/p>\n<p>&nbsp;<\/p>\n<p>&nbsp;<\/p>\n","protected":false},"excerpt":{"rendered":"<p>Wir essen gemeinsam mit den Kindern zu Mittag. Das Mittagessen wird t\u00e4glich frisch gekocht. Auch der Speiseplan wird von den Kindern mitbestimmt. Die Tische werden sch\u00f6n gedeckt und ein gemeinsames Tischgebet leitet die Mahlzeit ein. Dieser gem\u00fctlichen Atmosph\u00e4re geben wir Raum und Zeit! Alle helfen beim Aufr\u00e4umen und anschlie\u00dfend k\u00f6nnen sich die Kinder in einer [&hellip;]<\/p>\n","protected":false},"author":1,"featured_media":0,"parent":47,"menu_order":7,"comment_status":"closed","ping_status":"closed","template":"","meta":[],"_links":{"self":[{"href":"https:\/\/www.kita-ich-und-du.de\/index.php?rest_route=\/wp\/v2\/pages\/227"}],"collection":[{"href":"https:\/\/www.kita-ich-und-du.de\/index.php?rest_route=\/wp\/v2\/pages"}],"about":[{"href":"https:\/\/www.kita-ich-und-du.de\/index.php?rest_route=\/wp\/v2\/types\/page"}],"author":[{"embeddable":true,"href":"https:\/\/www.kita-ich-und-du.de\/index.php?rest_route=\/wp\/v2\/users\/1"}],"replies":[{"embeddable":true,"href":"https:\/\/www.kita-ich-und-du.de\/index.php?rest_route=%2Fwp%2Fv2%2Fcomments&post=227"}],"version-history":[{"count":3,"href":"https:\/\/www.kita-ich-und-du.de\/index.php?rest_route=\/wp\/v2\/pages\/227\/revisions"}],"predecessor-version":[{"id":230,"href":"https:\/\/www.kita-ich-und-du.de\/index.php?rest_route=\/wp\/v2\/pages\/227\/revisions\/230"}],"up":[{"embeddable":true,"href":"https:\/\/www.kita-ich-und-du.de\/index.php?rest_route=\/wp\/v2\/pages\/47"}],"wp:attachment":[{"href":"https:\/\/www.kita-ich-und-du.de\/index.php?rest_route=%2Fwp%2Fv2%2Fmedia&parent=227"}],"curies":[{"name":"wp","href":"https:\/\/api.w.org\/{rel}","templated":true}]}}