{"id":147,"date":"2018-09-06T13:18:51","date_gmt":"2018-09-06T13:18:51","guid":{"rendered":"http:\/\/iui.kinderschloss-st-martin.de\/?page_id=147"},"modified":"2019-04-05T08:42:49","modified_gmt":"2019-04-05T08:42:49","slug":"inklusion","status":"publish","type":"page","link":"https:\/\/www.kita-ich-und-du.de\/?page_id=147","title":{"rendered":"Inklusion"},"content":{"rendered":"<p>&nbsp;<\/p>\n<p style=\"text-align: center;\"><span style=\"font-family: comic sans ms,sans-serif;\"><strong><em>Integration<\/em><\/strong> will den Menschen mit Handicap in ein bestehendes System eingliedern.<\/span><\/p>\n<p style=\"text-align: center;\"><span style=\"font-family: comic sans ms,sans-serif;\"><strong><em>Inklusion<\/em><\/strong> hingegen betrachtet jeden Menschen von Anfang an als Teil des Systems.<\/span><\/p>\n<p>&nbsp;<\/p>\n<p><img decoding=\"async\" loading=\"lazy\" class=\"wp-image-279 alignright\" src=\"http:\/\/www.kita-ich-und-du.de\/wp-content\/uploads\/2019\/01\/SANY7066.jpg\" alt=\"\" width=\"214\" height=\"286\" srcset=\"https:\/\/www.kita-ich-und-du.de\/wp-content\/uploads\/2019\/01\/SANY7066.jpg 1932w, https:\/\/www.kita-ich-und-du.de\/wp-content\/uploads\/2019\/01\/SANY7066-225x300.jpg 225w, https:\/\/www.kita-ich-und-du.de\/wp-content\/uploads\/2019\/01\/SANY7066-768x1024.jpg 768w\" sizes=\"(max-width: 214px) 100vw, 214px\" \/><\/p>\n<p>&nbsp;<\/p>\n<p style=\"text-align: center;\"><span style=\"font-family: comic sans ms,sans-serif;\">In unserer Einrichtung gibt es ein durch gegenseitiges Verst\u00e4ndnis <\/span><\/p>\n<p style=\"text-align: center;\"><span style=\"font-family: comic sans ms,sans-serif;\">gekennzeichnetes Zusammensein <\/span><span style=\"font-family: comic sans ms,sans-serif;\">aller Beteiligten. <\/span><\/p>\n<p style=\"text-align: center;\"><span style=\"font-family: comic sans ms,sans-serif;\">Die unterschiedlichen St\u00e4rken, Schw\u00e4chen, Bed\u00fcrfnisse<br \/>\n<\/span><\/p>\n<p style=\"text-align: center;\"><span style=\"font-family: comic sans ms,sans-serif;\">und Herkunftsorte werden respektiert und bereichern den Alltag.<\/span><\/p>\n<p style=\"text-align: center;\"><span style=\"font-family: comic sans ms,sans-serif;\">Ob mit oder ohne Handicap, jeder wird wertgesch\u00e4tzt.<\/span><\/p>\n<p style=\"text-align: center;\"><span style=\"font-family: comic sans ms,sans-serif;\">Daher ist Inklusion mit\u00a0 dem christlichen Menschenbild eng verbunden.<\/span><\/p>\n<p style=\"text-align: center;\"><span style=\"font-family: comic sans ms,sans-serif;\">Ziel ist es, Vorurteile oder Stigmatisierungen abzubauen und Vielf\u00e4ltigkeit als bereichernd zu (er-)leben.<\/span><\/p>\n<p>&nbsp;<\/p>\n<p>&nbsp;<\/p>\n<p><span style=\"font-family: comic sans ms,sans-serif;\">Die interdisziplin\u00e4re Fr\u00fchf\u00f6rderung der Lebenshilfe Miesbach begleitet vor Ort Kinder mit Beeintr\u00e4chtigungen und Entwicklungsverz\u00f6gerungen, die einer besonderen F\u00f6rderung bed\u00fcrfen. Dies geschieht im Rahmen des Integrations-Fachdienstes f\u00fcr die Integrationskinder und kann durch das zus\u00e4tzliche Fr\u00fchf\u00f6rderangebot (Heilp\u00e4dagogik, Ergotherapie, Logop\u00e4die, Physiotherapie) bei Bedarf erg\u00e4nzt werden. Zwischen Kindergarten und Fr\u00fchf\u00f6rderung besteht eine jahrelange, enge Zusammenarbeit und der regelm\u00e4\u00dfige\u00a0 Austausch zwischen\u00a0 Kita- und Fr\u00fchf\u00f6rder-Mitarbeiterinnen schafft die Vertrauensbasis, in deren Umgebung sich die Kinder wohl f\u00fchlen k\u00f6nnen. Das gemeinsame Ziel besteht darin, eine m\u00f6glichst optimale, individuelle F\u00f6rderung f\u00fcr jedes Kind zu erzielen.<\/span><\/p>\n","protected":false},"excerpt":{"rendered":"<p>&nbsp; Integration will den Menschen mit Handicap in ein bestehendes System eingliedern. Inklusion hingegen betrachtet jeden Menschen von Anfang an als Teil des Systems. &nbsp; &nbsp; In unserer Einrichtung gibt es ein durch gegenseitiges Verst\u00e4ndnis gekennzeichnetes Zusammensein aller Beteiligten. Die unterschiedlichen St\u00e4rken, Schw\u00e4chen, Bed\u00fcrfnisse und Herkunftsorte werden respektiert und bereichern den Alltag. Ob mit oder [&hellip;]<\/p>\n","protected":false},"author":1,"featured_media":0,"parent":47,"menu_order":6,"comment_status":"closed","ping_status":"closed","template":"","meta":[],"_links":{"self":[{"href":"https:\/\/www.kita-ich-und-du.de\/index.php?rest_route=\/wp\/v2\/pages\/147"}],"collection":[{"href":"https:\/\/www.kita-ich-und-du.de\/index.php?rest_route=\/wp\/v2\/pages"}],"about":[{"href":"https:\/\/www.kita-ich-und-du.de\/index.php?rest_route=\/wp\/v2\/types\/page"}],"author":[{"embeddable":true,"href":"https:\/\/www.kita-ich-und-du.de\/index.php?rest_route=\/wp\/v2\/users\/1"}],"replies":[{"embeddable":true,"href":"https:\/\/www.kita-ich-und-du.de\/index.php?rest_route=%2Fwp%2Fv2%2Fcomments&post=147"}],"version-history":[{"count":10,"href":"https:\/\/www.kita-ich-und-du.de\/index.php?rest_route=\/wp\/v2\/pages\/147\/revisions"}],"predecessor-version":[{"id":320,"href":"https:\/\/www.kita-ich-und-du.de\/index.php?rest_route=\/wp\/v2\/pages\/147\/revisions\/320"}],"up":[{"embeddable":true,"href":"https:\/\/www.kita-ich-und-du.de\/index.php?rest_route=\/wp\/v2\/pages\/47"}],"wp:attachment":[{"href":"https:\/\/www.kita-ich-und-du.de\/index.php?rest_route=%2Fwp%2Fv2%2Fmedia&parent=147"}],"curies":[{"name":"wp","href":"https:\/\/api.w.org\/{rel}","templated":true}]}}