{"id":145,"date":"2018-09-06T13:06:06","date_gmt":"2018-09-06T13:06:06","guid":{"rendered":"http:\/\/iui.kinderschloss-st-martin.de\/?page_id=145"},"modified":"2020-04-16T11:08:27","modified_gmt":"2020-04-16T11:08:27","slug":"freispiel","status":"publish","type":"page","link":"https:\/\/www.kita-ich-und-du.de\/?page_id=145","title":{"rendered":"Freispiel"},"content":{"rendered":"<p style=\"text-align: center;\"><span style=\"font-family: comic sans ms,sans-serif;\">Selbstbewusstsein, Sozialverhalten, Frustrationstoleranz, L\u00f6sungskompetenz\u2026 <\/span><\/p>\n<p style=\"text-align: center;\"><span style=\"font-family: comic sans ms,sans-serif;\">Das sind nur einige F\u00e4higkeiten, die ein Mensch erworben haben sollte. Im Freispiel entstehen viele Situationen automatisch, in denen man dies lernen und \u00fcben kann. <\/span><\/p>\n<p style=\"text-align: center;\"><span style=\"font-family: comic sans ms,sans-serif;\">Die Kinder versinken meist v\u00f6llig in ihrem momentanen Spiel. Sie k\u00f6nnen ganz abschalten, sich ganz auf sich und ihr Spiel konzentri<\/span><span style=\"font-family: comic sans ms,sans-serif;\">eren. Sie sind dann ganz \u201ein diesem Augenblick\u201d. Sie k\u00f6nnen dort Erlebtes verarbeiten und m\u00fcssen sich aber auch mal Situationen stellen, die es mit Erwachsenen nicht geben w\u00fcrde. <\/span><\/p>\n<p style=\"text-align: center;\"><span style=\"font-family: comic sans ms,sans-serif;\">Das Kind spielt f\u00fcr seine Zukunft, damit es den Anforderungen des t\u00e4glichen Lebens gewac<\/span><span style=\"font-family: comic sans ms,sans-serif;\">hsen ist. Spielen bedeutet f\u00fcr die Kinder \u201eLernen f\u00fcrs Leben!\u201d. <\/span><\/p>\n<p style=\"text-align: center; padding-left: 80px;\"><span style=\"font-family: comic sans ms,sans-serif;\"><img decoding=\"async\" loading=\"lazy\" class=\"wp-image-380 alignleft\" src=\"http:\/\/www.kita-ich-und-du.de\/wp-content\/uploads\/2020\/04\/IMG_2134.jpg\" alt=\"\" width=\"154\" height=\"206\" srcset=\"https:\/\/www.kita-ich-und-du.de\/wp-content\/uploads\/2020\/04\/IMG_2134.jpg 1200w, https:\/\/www.kita-ich-und-du.de\/wp-content\/uploads\/2020\/04\/IMG_2134-225x300.jpg 225w, https:\/\/www.kita-ich-und-du.de\/wp-content\/uploads\/2020\/04\/IMG_2134-768x1024.jpg 768w, https:\/\/www.kita-ich-und-du.de\/wp-content\/uploads\/2020\/04\/IMG_2134-1152x1536.jpg 1152w\" sizes=\"(max-width: 154px) 100vw, 154px\" \/><\/span><span style=\"font-family: comic sans ms,sans-serif;\">Es erfordert Flexibilit\u00e4t, Einf\u00fchlun<\/span><span style=\"font-family: comic sans ms,sans-serif;\">gsverm\u00f6gen<\/span><span style=\"font-family: comic sans ms,sans-serif;\"> und auch Durchsetzung<\/span><span style=\"font-family: comic sans ms,sans-serif;\"><img decoding=\"async\" loading=\"lazy\" class=\"wp-image-379 alignright\" src=\"http:\/\/www.kita-ich-und-du.de\/wp-content\/uploads\/2020\/04\/IMG_4895.jpg\" alt=\"\" width=\"161\" height=\"214\" srcset=\"https:\/\/www.kita-ich-und-du.de\/wp-content\/uploads\/2020\/04\/IMG_4895.jpg 1200w, https:\/\/www.kita-ich-und-du.de\/wp-content\/uploads\/2020\/04\/IMG_4895-225x300.jpg 225w, https:\/\/www.kita-ich-und-du.de\/wp-content\/uploads\/2020\/04\/IMG_4895-768x1024.jpg 768w, https:\/\/www.kita-ich-und-du.de\/wp-content\/uploads\/2020\/04\/IMG_4895-1152x1536.jpg 1152w\" sizes=\"(max-width: 161px) 100vw, 161px\" \/><\/span><span style=\"font-family: comic sans ms,sans-serif;\">s<\/span><span style=\"font-family: comic sans ms,sans-serif;\">kraft.<\/span><span style=\"font-family: comic sans ms,sans-serif;\"><img decoding=\"async\" loading=\"lazy\" class=\"aligncenter wp-image-383\" src=\"http:\/\/www.kita-ich-und-du.de\/wp-content\/uploads\/2020\/04\/IMG_2502.jpg\" alt=\"\" width=\"241\" height=\"181\" srcset=\"https:\/\/www.kita-ich-und-du.de\/wp-content\/uploads\/2020\/04\/IMG_2502.jpg 1600w, https:\/\/www.kita-ich-und-du.de\/wp-content\/uploads\/2020\/04\/IMG_2502-300x225.jpg 300w, https:\/\/www.kita-ich-und-du.de\/wp-content\/uploads\/2020\/04\/IMG_2502-1024x768.jpg 1024w, https:\/\/www.kita-ich-und-du.de\/wp-content\/uploads\/2020\/04\/IMG_2502-768x576.jpg 768w, https:\/\/www.kita-ich-und-du.de\/wp-content\/uploads\/2020\/04\/IMG_2502-1536x1152.jpg 1536w\" sizes=\"(max-width: 241px) 100vw, 241px\" \/><\/span><\/p>\n","protected":false},"excerpt":{"rendered":"<p>Selbstbewusstsein, Sozialverhalten, Frustrationstoleranz, L\u00f6sungskompetenz\u2026 Das sind nur einige F\u00e4higkeiten, die ein Mensch erworben haben sollte. Im Freispiel entstehen viele Situationen automatisch, in denen man dies lernen und \u00fcben kann. Die Kinder versinken meist v\u00f6llig in ihrem momentanen Spiel. Sie k\u00f6nnen ganz abschalten, sich ganz auf sich und ihr Spiel konzentrieren. Sie sind dann ganz \u201ein [&hellip;]<\/p>\n","protected":false},"author":1,"featured_media":0,"parent":47,"menu_order":5,"comment_status":"closed","ping_status":"closed","template":"","meta":[],"_links":{"self":[{"href":"https:\/\/www.kita-ich-und-du.de\/index.php?rest_route=\/wp\/v2\/pages\/145"}],"collection":[{"href":"https:\/\/www.kita-ich-und-du.de\/index.php?rest_route=\/wp\/v2\/pages"}],"about":[{"href":"https:\/\/www.kita-ich-und-du.de\/index.php?rest_route=\/wp\/v2\/types\/page"}],"author":[{"embeddable":true,"href":"https:\/\/www.kita-ich-und-du.de\/index.php?rest_route=\/wp\/v2\/users\/1"}],"replies":[{"embeddable":true,"href":"https:\/\/www.kita-ich-und-du.de\/index.php?rest_route=%2Fwp%2Fv2%2Fcomments&post=145"}],"version-history":[{"count":5,"href":"https:\/\/www.kita-ich-und-du.de\/index.php?rest_route=\/wp\/v2\/pages\/145\/revisions"}],"predecessor-version":[{"id":386,"href":"https:\/\/www.kita-ich-und-du.de\/index.php?rest_route=\/wp\/v2\/pages\/145\/revisions\/386"}],"up":[{"embeddable":true,"href":"https:\/\/www.kita-ich-und-du.de\/index.php?rest_route=\/wp\/v2\/pages\/47"}],"wp:attachment":[{"href":"https:\/\/www.kita-ich-und-du.de\/index.php?rest_route=%2Fwp%2Fv2%2Fmedia&parent=145"}],"curies":[{"name":"wp","href":"https:\/\/api.w.org\/{rel}","templated":true}]}}