{"id":143,"date":"2018-09-06T13:03:47","date_gmt":"2018-09-06T13:03:47","guid":{"rendered":"http:\/\/iui.kinderschloss-st-martin.de\/?page_id=143"},"modified":"2020-04-16T11:14:19","modified_gmt":"2020-04-16T11:14:19","slug":"garten-und-naturerfahrung","status":"publish","type":"page","link":"https:\/\/www.kita-ich-und-du.de\/?page_id=143","title":{"rendered":"Garten- und Naturerfahrung"},"content":{"rendered":"<p style=\"text-align: center;\"><span style=\"font-family: comic sans ms,sans-serif;\">Die W\u00fcnsche und Vorlieben der Kinder wurden dabei\u00a0 ber\u00fccksichtigt. Auch bei der weiteren Gartengestaltung stehen die Interessen der Kinder im Vordergrund.<\/span><\/p>\n<p style=\"text-align: center;\"><span style=\"font-family: comic sans ms,sans-serif;\">Wir nutzen den Garten bei jeder Jahreszeit. Dort k\u00f6nnen die Kinder ihrem Bewegungsdrang nachkommen, mit ihren Freunden spielen und frische Luft schnappen. Weg von der Enge des Gruppenraumes erleben die Kinder die Natur und vieles mehr. Wir als Betreuer haben so die M\u00f6glichkeit, ihre Wesensarten von einer ganz anderen Seite kennen zu lernen, da die Kinder drau\u00dfen viel freier handeln k\u00f6nnen.<\/span><\/p>\n<p style=\"text-align: center;\"><span style=\"font-family: comic sans ms,sans-serif;\">Der Bezug zur Natur und die Bewegung an der frischen Luft sind wichtige Grunderfahrungen, die wir den Kindern erm\u00f6glichen wollen.<br \/>\n<\/span><\/p>\n<p style=\"text-align: center;\"><span style=\"color: #008000;\"><strong><span style=\"font-family: comic sans ms,sans-serif;\">Die meisten Menschen wissen gar nicht, wie sch\u00f6n die Welt ist und wieviel Pracht in den kleinen Dingen, in irgendeiner Blume, einem Stein, einer Baumrinde oder einem Birkenblatt sich offenbart<\/span><\/strong><\/span><\/p>\n<p style=\"text-align: center;\"><span style=\"color: #008000;\"><strong><span style=\"font-family: comic sans ms,sans-serif;\">Rainer Mar<\/span><\/strong><\/span><span style=\"color: #008000;\"><strong><span style=\"font-family: comic sans ms,sans-serif;\">ia Rilke<\/span><\/strong><\/span><\/p>\n<p style=\"text-align: left;\"><span style=\"font-family: comic sans ms,sans-serif;\">Naturerfahrungen\u2026<\/span><span style=\"font-family: comic sans ms,sans-serif;\"><img decoding=\"async\" loading=\"lazy\" class=\"wp-image-267 alignright\" src=\"http:\/\/www.kita-ich-und-du.de\/wp-content\/uploads\/2018\/12\/Natur3.jpg\" alt=\"\" width=\"282\" height=\"212\" srcset=\"https:\/\/www.kita-ich-und-du.de\/wp-content\/uploads\/2018\/12\/Natur3.jpg 1600w, https:\/\/www.kita-ich-und-du.de\/wp-content\/uploads\/2018\/12\/Natur3-300x225.jpg 300w, https:\/\/www.kita-ich-und-du.de\/wp-content\/uploads\/2018\/12\/Natur3-768x576.jpg 768w, https:\/\/www.kita-ich-und-du.de\/wp-content\/uploads\/2018\/12\/Natur3-1024x768.jpg 1024w\" sizes=\"(max-width: 282px) 100vw, 282px\" \/><\/span><\/p>\n<p><span style=\"font-family: comic sans ms,sans-serif;\">\u2026will mit allen Sinnen einen Zugang zu nat\u00fcrlichen Zusammenh\u00e4ngen schaffen<\/span><\/p>\n<p><span style=\"font-family: comic sans ms,sans-serif;\">\u2026will die Freude und Liebe zur Natur wecken<\/span><\/p>\n<p><span style=\"font-family: comic sans ms,sans-serif;\">\u2026will Achtsamkeit, Wertsch\u00e4tzung und Respekt gegen\u00fcber der Sch\u00f6pfung vermitteln<\/span><\/p>\n<p><span style=\"font-family: comic sans ms,sans-serif;\">\u2026will \u201eNebenbei\u201c die Grob- und Feinmotorik f\u00f6rdern und den nat\u00fcrlichen Bewegungsdrang der Kinder unterst\u00fctzen<\/span><\/p>\n<p><span style=\"font-family: comic sans ms,sans-serif;\">\u2026will die Vielfalt der Natur als notwendige Basis f\u00fcr das Leben \u00a0aufzeigen<\/span><\/p>\n<p><span style=\"font-family: comic sans ms,sans-serif;\">\u2026will eine liebevolle Beziehung zur Um- und Mitwelt aufbauen<\/span><\/p>\n<p><span style=\"font-family: comic sans ms,sans-serif;\">\u2026will den Forschergeist wecken<\/span><\/p>\n<p><span style=\"font-family: comic sans ms,sans-serif;\">\u2026will die Erfahrung von Gemeinschaft, gegenseitiger Hilfe, \u00dcbernahme von Verantwortung, Kommunikations-, Kooperations- und Konfliktf\u00e4higkeit st\u00e4rken (soziale Kompetenz)<\/span><\/p>\n<p><span style=\"font-family: comic sans ms,sans-serif;\">\u2026will in herausfordernden Aktionen die Bewegungs- und Handlungskompetenz erweitern<\/span><\/p>\n<p><span style=\"font-family: comic sans ms,sans-serif;\">&#8230;<\/span><span style=\"font-family: comic sans ms,sans-serif;\"><img decoding=\"async\" loading=\"lazy\" class=\"wp-image-387 aligncenter\" src=\"http:\/\/www.kita-ich-und-du.de\/wp-content\/uploads\/2020\/04\/IMG_2121.jpg\" alt=\"\" width=\"182\" height=\"243\" srcset=\"https:\/\/www.kita-ich-und-du.de\/wp-content\/uploads\/2020\/04\/IMG_2121.jpg 1200w, https:\/\/www.kita-ich-und-du.de\/wp-content\/uploads\/2020\/04\/IMG_2121-225x300.jpg 225w, https:\/\/www.kita-ich-und-du.de\/wp-content\/uploads\/2020\/04\/IMG_2121-768x1024.jpg 768w, https:\/\/www.kita-ich-und-du.de\/wp-content\/uploads\/2020\/04\/IMG_2121-1152x1536.jpg 1152w\" sizes=\"(max-width: 182px) 100vw, 182px\" \/><\/span><\/p>\n","protected":false},"excerpt":{"rendered":"<p>Die W\u00fcnsche und Vorlieben der Kinder wurden dabei\u00a0 ber\u00fccksichtigt. Auch bei der weiteren Gartengestaltung stehen die Interessen der Kinder im Vordergrund. Wir nutzen den Garten bei jeder Jahreszeit. Dort k\u00f6nnen die Kinder ihrem Bewegungsdrang nachkommen, mit ihren Freunden spielen und frische Luft schnappen. Weg von der Enge des Gruppenraumes erleben die Kinder die Natur und [&hellip;]<\/p>\n","protected":false},"author":1,"featured_media":0,"parent":47,"menu_order":4,"comment_status":"closed","ping_status":"closed","template":"","meta":[],"_links":{"self":[{"href":"https:\/\/www.kita-ich-und-du.de\/index.php?rest_route=\/wp\/v2\/pages\/143"}],"collection":[{"href":"https:\/\/www.kita-ich-und-du.de\/index.php?rest_route=\/wp\/v2\/pages"}],"about":[{"href":"https:\/\/www.kita-ich-und-du.de\/index.php?rest_route=\/wp\/v2\/types\/page"}],"author":[{"embeddable":true,"href":"https:\/\/www.kita-ich-und-du.de\/index.php?rest_route=\/wp\/v2\/users\/1"}],"replies":[{"embeddable":true,"href":"https:\/\/www.kita-ich-und-du.de\/index.php?rest_route=%2Fwp%2Fv2%2Fcomments&post=143"}],"version-history":[{"count":8,"href":"https:\/\/www.kita-ich-und-du.de\/index.php?rest_route=\/wp\/v2\/pages\/143\/revisions"}],"predecessor-version":[{"id":161,"href":"https:\/\/www.kita-ich-und-du.de\/index.php?rest_route=\/wp\/v2\/pages\/143\/revisions\/161"}],"up":[{"embeddable":true,"href":"https:\/\/www.kita-ich-und-du.de\/index.php?rest_route=\/wp\/v2\/pages\/47"}],"wp:attachment":[{"href":"https:\/\/www.kita-ich-und-du.de\/index.php?rest_route=%2Fwp%2Fv2%2Fmedia&parent=143"}],"curies":[{"name":"wp","href":"https:\/\/api.w.org\/{rel}","templated":true}]}}