{"id":141,"date":"2018-09-06T13:01:44","date_gmt":"2018-09-06T13:01:44","guid":{"rendered":"http:\/\/iui.kinderschloss-st-martin.de\/?page_id=141"},"modified":"2018-11-26T08:18:30","modified_gmt":"2018-11-26T08:18:30","slug":"altersmischung","status":"publish","type":"page","link":"https:\/\/www.kita-ich-und-du.de\/?page_id=141","title":{"rendered":"Altersmischung"},"content":{"rendered":"<p style=\"text-align: center;\"><span style=\"font-family: comic sans ms,sans-serif;\">Als Katholische Einrichtung liegt uns das Konzept \u201eEin Haus f\u00fcr Kinder\u201d sehr am Herzen. Dieses Konzept besagt, dass Kinder aus verschiedenen Altersgruppen unter einem Dach gemeinsam betreut werden und somit, \u00e4hnlich wie in einer Familie, ihren Alltag miteinander verbringen, voneinander lernen k\u00f6nnen und sich wohlf\u00fchlen. <\/span><\/p>\n<p style=\"text-align: center;\"><span style=\"font-family: comic sans ms,sans-serif;\">Es ist uns wichtig, dass jedes Kind je nach Alter und St\u00e4rken sinnvoll gef\u00f6rdert wird und kreativ werden kann. Wir erachten diesen Ansatz als sehr wertvoll, da hier im sozialen Miteinander Werte wie Mitmenschlichkeit, R\u00fccksichtnahme und Toleranz erlebt werden k\u00f6nnen. <\/span><\/p>\n<p style=\"text-align: center;\"><span style=\"font-family: comic sans ms,sans-serif;\">Zudem ist es m\u00f6glich, eine Vielzahl von Erfahrungen zu sammeln und Handlungsstrategien zu erproben, zu entwickeln und so Basiskompetenzen zu leben. <\/span><\/p>\n<p style=\"text-align: center;\"><span style=\"font-family: comic sans ms,sans-serif;\">\u00a0\u00a0\u00a0\u00a0\u00a0 \u00a0 \u00a0 \u00a0 \u00a0 \u00a0 \u00a0\u00a0\u00a0\u00a0\u00a0\u00a0 Da unsere Kinder t\u00e4glich viele Stunden in der Einrichtung verbringen ist es wichtig, dass sie bei uns verl\u00e4ssliche Strukturen, Sicherheit und Geborgenheit sowie gen\u00fcgend Raum f\u00fcr eigene Ideen und Interessen finden.<\/span><\/p>\n","protected":false},"excerpt":{"rendered":"<p>Als Katholische Einrichtung liegt uns das Konzept \u201eEin Haus f\u00fcr Kinder\u201d sehr am Herzen. Dieses Konzept besagt, dass Kinder aus verschiedenen Altersgruppen unter einem Dach gemeinsam betreut werden und somit, \u00e4hnlich wie in einer Familie, ihren Alltag miteinander verbringen, voneinander lernen k\u00f6nnen und sich wohlf\u00fchlen. Es ist uns wichtig, dass jedes Kind je nach Alter [&hellip;]<\/p>\n","protected":false},"author":1,"featured_media":0,"parent":47,"menu_order":3,"comment_status":"closed","ping_status":"closed","template":"","meta":[],"_links":{"self":[{"href":"https:\/\/www.kita-ich-und-du.de\/index.php?rest_route=\/wp\/v2\/pages\/141"}],"collection":[{"href":"https:\/\/www.kita-ich-und-du.de\/index.php?rest_route=\/wp\/v2\/pages"}],"about":[{"href":"https:\/\/www.kita-ich-und-du.de\/index.php?rest_route=\/wp\/v2\/types\/page"}],"author":[{"embeddable":true,"href":"https:\/\/www.kita-ich-und-du.de\/index.php?rest_route=\/wp\/v2\/users\/1"}],"replies":[{"embeddable":true,"href":"https:\/\/www.kita-ich-und-du.de\/index.php?rest_route=%2Fwp%2Fv2%2Fcomments&post=141"}],"version-history":[{"count":5,"href":"https:\/\/www.kita-ich-und-du.de\/index.php?rest_route=\/wp\/v2\/pages\/141\/revisions"}],"predecessor-version":[{"id":222,"href":"https:\/\/www.kita-ich-und-du.de\/index.php?rest_route=\/wp\/v2\/pages\/141\/revisions\/222"}],"up":[{"embeddable":true,"href":"https:\/\/www.kita-ich-und-du.de\/index.php?rest_route=\/wp\/v2\/pages\/47"}],"wp:attachment":[{"href":"https:\/\/www.kita-ich-und-du.de\/index.php?rest_route=%2Fwp%2Fv2%2Fmedia&parent=141"}],"curies":[{"name":"wp","href":"https:\/\/api.w.org\/{rel}","templated":true}]}}