{"id":139,"date":"2018-09-06T12:56:23","date_gmt":"2018-09-06T12:56:23","guid":{"rendered":"http:\/\/iui.kinderschloss-st-martin.de\/?page_id=139"},"modified":"2019-03-06T11:05:30","modified_gmt":"2019-03-06T11:05:30","slug":"religioese-erziehung","status":"publish","type":"page","link":"https:\/\/www.kita-ich-und-du.de\/?page_id=139","title":{"rendered":"Religi\u00f6se Erziehung"},"content":{"rendered":"<p style=\"text-align: center;\"><span style=\"font-family: comic sans ms,sans-serif;\">\u2026ist ein fester Bestandteil f\u00fcr das t\u00e4gliche Miteinander. Kindern ein positives Gottesbild, christliche Inhalte und Werte zu vermitteln ist uns wichtig.<\/span><\/p>\n<p style=\"text-align: center;\"><span style=\"font-family: comic sans ms,sans-serif;\">Im Laufe des Kindergartenjahres sollen die Kinder:<\/span><\/p>\n<p style=\"text-align: center;\"><span style=\"font-family: comic sans ms,sans-serif;\">&#8211; religi\u00f6se Traditionen und Symbole kennenlernen<\/span><\/p>\n<p style=\"text-align: center;\"><span style=\"font-family: comic sans ms,sans-serif;\">&#8211; mit Gottes Sch\u00f6pfung in ihrer ganzen Vielfalt gut und f\u00fcrsorglich umgehen<\/span><\/p>\n<p style=\"text-align: center;\"><span style=\"font-family: comic sans ms,sans-serif;\">&#8211; N\u00e4chstenliebe erfahren, erleben und in ihrem eigenen Leben umsetzen<\/span><\/p>\n<p style=\"text-align: center;\"><span style=\"font-family: comic sans ms,sans-serif;\">&#8211; sich in Gottes Liebe gut aufgehoben wissen<\/span><\/p>\n<p style=\"text-align: center;\"><span style=\"font-family: comic sans ms,sans-serif;\">&#8211; ihr Vertrauen und Neugierde bewahren<\/span><\/p>\n<p style=\"text-align: center;\"><span style=\"font-family: comic sans ms,sans-serif;\">&#8211; Brauchtumspflege<\/span><\/p>\n<p style=\"text-align: center;\"><span style=\"font-family: comic sans ms,sans-serif;\">Dies geschieht z. B. durch das Feiern der kirchlichen Feste, durch Gespr\u00e4che mit, von und \u00fcber Gott, biblische Geschichten erz\u00e4hlen (Jahreskrippe), Beten, <\/span><\/p>\n<p style=\"text-align: center;\"><span style=\"font-family: comic sans ms,sans-serif;\">Natur erleben \u2013 lieben \u2013 sch\u00e4tzen, liebevoller Umgang miteinander, etc.<\/span><\/p>\n<p><img decoding=\"async\" loading=\"lazy\" class=\"wp-image-310 alignright\" src=\"http:\/\/www.kita-ich-und-du.de\/wp-content\/uploads\/2019\/03\/032-300x225.jpg\" alt=\"\" width=\"188\" height=\"141\" srcset=\"https:\/\/www.kita-ich-und-du.de\/wp-content\/uploads\/2019\/03\/032-300x225.jpg 300w, https:\/\/www.kita-ich-und-du.de\/wp-content\/uploads\/2019\/03\/032-768x576.jpg 768w, https:\/\/www.kita-ich-und-du.de\/wp-content\/uploads\/2019\/03\/032-1024x768.jpg 1024w\" sizes=\"(max-width: 188px) 100vw, 188px\" \/><\/p>\n<p><img decoding=\"async\" loading=\"lazy\" class=\"wp-image-264 alignleft\" src=\"http:\/\/www.kita-ich-und-du.de\/wp-content\/uploads\/2018\/12\/IMG_0105-300x225.jpg\" alt=\"\" width=\"184\" height=\"138\" srcset=\"https:\/\/www.kita-ich-und-du.de\/wp-content\/uploads\/2018\/12\/IMG_0105-300x225.jpg 300w, https:\/\/www.kita-ich-und-du.de\/wp-content\/uploads\/2018\/12\/IMG_0105-768x576.jpg 768w, https:\/\/www.kita-ich-und-du.de\/wp-content\/uploads\/2018\/12\/IMG_0105-1024x768.jpg 1024w, https:\/\/www.kita-ich-und-du.de\/wp-content\/uploads\/2018\/12\/IMG_0105.jpg 1600w\" sizes=\"(max-width: 184px) 100vw, 184px\" \/><\/p>\n<p><img decoding=\"async\" loading=\"lazy\" class=\"wp-image-261 aligncenter\" src=\"http:\/\/www.kita-ich-und-du.de\/wp-content\/uploads\/2018\/12\/DSCN0313.jpg\" alt=\"\" width=\"155\" height=\"206\" srcset=\"https:\/\/www.kita-ich-und-du.de\/wp-content\/uploads\/2018\/12\/DSCN0313.jpg 3120w, https:\/\/www.kita-ich-und-du.de\/wp-content\/uploads\/2018\/12\/DSCN0313-225x300.jpg 225w, https:\/\/www.kita-ich-und-du.de\/wp-content\/uploads\/2018\/12\/DSCN0313-768x1024.jpg 768w\" sizes=\"(max-width: 155px) 100vw, 155px\" \/><\/p>\n","protected":false},"excerpt":{"rendered":"<p>\u2026ist ein fester Bestandteil f\u00fcr das t\u00e4gliche Miteinander. Kindern ein positives Gottesbild, christliche Inhalte und Werte zu vermitteln ist uns wichtig. Im Laufe des Kindergartenjahres sollen die Kinder: &#8211; religi\u00f6se Traditionen und Symbole kennenlernen &#8211; mit Gottes Sch\u00f6pfung in ihrer ganzen Vielfalt gut und f\u00fcrsorglich umgehen &#8211; N\u00e4chstenliebe erfahren, erleben und in ihrem eigenen Leben [&hellip;]<\/p>\n","protected":false},"author":1,"featured_media":0,"parent":47,"menu_order":2,"comment_status":"closed","ping_status":"closed","template":"","meta":[],"_links":{"self":[{"href":"https:\/\/www.kita-ich-und-du.de\/index.php?rest_route=\/wp\/v2\/pages\/139"}],"collection":[{"href":"https:\/\/www.kita-ich-und-du.de\/index.php?rest_route=\/wp\/v2\/pages"}],"about":[{"href":"https:\/\/www.kita-ich-und-du.de\/index.php?rest_route=\/wp\/v2\/types\/page"}],"author":[{"embeddable":true,"href":"https:\/\/www.kita-ich-und-du.de\/index.php?rest_route=\/wp\/v2\/users\/1"}],"replies":[{"embeddable":true,"href":"https:\/\/www.kita-ich-und-du.de\/index.php?rest_route=%2Fwp%2Fv2%2Fcomments&post=139"}],"version-history":[{"count":9,"href":"https:\/\/www.kita-ich-und-du.de\/index.php?rest_route=\/wp\/v2\/pages\/139\/revisions"}],"predecessor-version":[{"id":312,"href":"https:\/\/www.kita-ich-und-du.de\/index.php?rest_route=\/wp\/v2\/pages\/139\/revisions\/312"}],"up":[{"embeddable":true,"href":"https:\/\/www.kita-ich-und-du.de\/index.php?rest_route=\/wp\/v2\/pages\/47"}],"wp:attachment":[{"href":"https:\/\/www.kita-ich-und-du.de\/index.php?rest_route=%2Fwp%2Fv2%2Fmedia&parent=139"}],"curies":[{"name":"wp","href":"https:\/\/api.w.org\/{rel}","templated":true}]}}