{"id":136,"date":"2018-09-06T12:44:34","date_gmt":"2018-09-06T12:44:34","guid":{"rendered":"http:\/\/iui.kinderschloss-st-martin.de\/?page_id=136"},"modified":"2019-08-07T12:55:27","modified_gmt":"2019-08-07T12:55:27","slug":"leitsaetze","status":"publish","type":"page","link":"https:\/\/www.kita-ich-und-du.de\/?page_id=136","title":{"rendered":"Leits\u00e4tze"},"content":{"rendered":"<p style=\"text-align: center;\"><span style=\"font-size: 10pt; font-family: comic sans ms,sans-serif;\">Durch die t\u00e4gliche Umsetzung dieser Leits\u00e4tze werden die Kinder bestm\u00f6glich ein St\u00fcck auf ihrem Lebensweg begleitet.<\/span><\/p>\n<p style=\"text-align: center;\"><span style=\"font-size: 10pt; font-family: comic sans ms,sans-serif;\">Alle Kinder, gleich welcher Herkunft, Religion, mit oder ohne Behinderung sind bei uns herzlich willkommen.<\/span><\/p>\n<p style=\"text-align: center;\"><span style=\"font-size: 10pt; font-family: comic sans ms,sans-serif;\">Jedes Kind bringt ein breites Spektrum an F\u00e4higkeiten und Potentialen mit.<\/span><\/p>\n<p style=\"text-align: center;\"><span style=\"font-size: 10pt; font-family: comic sans ms,sans-serif;\">Sie sind eigenst\u00e4ndige Pers\u00f6nlichkeiten mit individuellen Charakteren, Begabungen und Interessen.<\/span><\/p>\n<p style=\"text-align: center;\"><span style=\"font-size: 10pt; font-family: comic sans ms,sans-serif;\">Unsere Aufgabe besteht darin, zu erkennen, wo das Kind in seiner Entwicklung steht und es dementsprechend zu f\u00f6rdern.<\/span><\/p>\n<p style=\"text-align: center;\"><span style=\"font-size: 10pt; font-family: comic sans ms,sans-serif;\">Die pers\u00f6nliche Zuwendung und die Beobachtung schaffen hierbei eine verl\u00e4ssliche Grundlage.<\/span><\/p>\n<p style=\"text-align: center;\"><span style=\"font-size: 10pt; font-family: comic sans ms,sans-serif;\">Wir geben dem Kind Gelegenheit und so viel Zeit wie n\u00f6tig, den eigenen Rhythmus zu finden. <\/span><\/p>\n<p style=\"text-align: center;\"><span style=\"font-size: 10pt; font-family: comic sans ms,sans-serif;\">Es lernt seine individuellen Bed\u00fcrfnisse zu erkennen und auf andere R\u00fccksicht zu nehmen.<\/span><\/p>\n<p style=\"text-align: center;\"><span style=\"font-size: 10pt; font-family: comic sans ms,sans-serif;\">Daraus entwickelt sich \u00a0ein breites Spektrum f\u00fcr vielseitige Angebote, Aktionen und Projekte.<\/span><\/p>\n<p style=\"text-align: center;\"><span style=\"font-size: 10pt; font-family: comic sans ms,sans-serif;\">Man lernt gemeinsam mit Spa\u00df und Freude, ist selber aktiv, erlebt mit allen Sinnen und erh\u00e4lt Vertrauen in die eigenen F\u00e4higkeiten.<\/span><\/p>\n<p style=\"text-align: center;\"><span style=\"font-size: 10pt; font-family: comic sans ms,sans-serif;\">Somit arbeiten wir im Sinne der Inklusion und Teilhabe (AVBayKiBiG \u00a71 (3)).<\/span><\/p>\n<p style=\"text-align: center;\"><span style=\"font-size: 10pt; font-family: comic sans ms,sans-serif;\">Als katholische Kindertageseinrichtung sind wir fester Bestandteil in der Kirchengemeinde. Durch den Jahreskreis erfahren sich die Kinder als Teil einer Gemeinschaft. Sie sollen erleben, dass sie von Gott geliebt werden, wie sie sind.<\/span><\/p>\n<p style=\"text-align: center;\"><span style=\"font-size: 10pt; font-family: comic sans ms,sans-serif;\">Dabei steht auch die Vermittlung von christlichen Werten im Vordergrund, wie z. B. N\u00e4chstenliebe, Hilfsbereitschaft, Toleranz und Ehrlichkeit.<\/span><\/p>\n<p style=\"text-align: center;\"><span style=\"font-size: 10pt;\"><span style=\"font-family: comic sans ms,sans-serif;\">\u00a0\u00a0\u00a0\u00a0\u00a0\u00a0\u00a0\u00a0\u00a0\u00a0\u00a0\u00a0\u00a0\u00a0\u00a0\u00a0\u00a0\u00a0\u00a0 Hohen Stellenwert hat in unserer Einrichtung das freie Spiel und Naturerfahrungen. Eingebettet in l\u00e4ndlicher Umgebung bieten Wald, Wiese, B\u00e4che, Berge <\/span><span style=\"font-family: comic sans ms,sans-serif;\">und landwirtschaftliche Anwesen viele Anreize daf\u00fcr.<\/span><\/span><\/p>\n<p style=\"text-align: center;\"><span style=\"font-size: 10pt; font-family: comic sans ms,sans-serif;\">Die im AVBayKiBiG \u00a72 aufgef\u00fchrten Basiskompetenzen werden damit gef\u00f6rdert und unterst\u00fctzt.<\/span><\/p>\n<p style=\"text-align: center;\"><span style=\"font-size: 10pt; font-family: comic sans ms,sans-serif;\">So k\u00f6nnen die Kinder zufriedene und selbstbewusste Menschen werden, die ihr Leben eigenverantwortlich gestalten und den Anforderungen in Familie, Staat und Gesellschaft gerecht werden.<\/span><\/p>\n<p style=\"text-align: center;\"><span style=\"font-size: 10pt; font-family: comic sans ms,sans-serif;\">Im st\u00e4ndigen Austausch mit dem Elternhaus wirken wir Familien erg\u00e4nzend und unterst\u00fctzend. Wir arbeiten partnerschaftlich mit den prim\u00e4r f\u00fcr die Erziehung verantwortlichen Eltern zusammen. Wir f\u00f6rdern das Gespr\u00e4ch mit den Eltern und freuen uns \u00fcber Anregungen, W\u00fcnsche und Mitarbeit.<\/span><\/p>\n<p style=\"text-align: center;\"><span style=\"font-size: 10pt; font-family: comic sans ms,sans-serif;\">Mittels Fortbildungen und der Erstellung eines Qualit\u00e4tshandbuches nach DIN ISO 9000:2000, welches mit dem Team der Einrichtung regelm\u00e4\u00dfig \u00fcberarbeitet wird, unterst\u00fctzen und pr\u00fcfen wir fortw\u00e4hrend die Qualit\u00e4t unserer Arbeit.<\/span><\/p>\n<p style=\"text-align: center;\"><span style=\"font-size: 10pt; font-family: comic sans ms,sans-serif;\">Die individuellen F\u00e4higkeiten, Offenheit, Austausch, gemeinsame Verantwortlichkeit und Unterst\u00fctzung sind wichtiger Bestandteil unserer Teamarbeit.<\/span><\/p>\n","protected":false},"excerpt":{"rendered":"<p>Durch die t\u00e4gliche Umsetzung dieser Leits\u00e4tze werden die Kinder bestm\u00f6glich ein St\u00fcck auf ihrem Lebensweg begleitet. Alle Kinder, gleich welcher Herkunft, Religion, mit oder ohne Behinderung sind bei uns herzlich willkommen. Jedes Kind bringt ein breites Spektrum an F\u00e4higkeiten und Potentialen mit. Sie sind eigenst\u00e4ndige Pers\u00f6nlichkeiten mit individuellen Charakteren, Begabungen und Interessen. Unsere Aufgabe besteht [&hellip;]<\/p>\n","protected":false},"author":1,"featured_media":0,"parent":47,"menu_order":1,"comment_status":"closed","ping_status":"closed","template":"","meta":[],"_links":{"self":[{"href":"https:\/\/www.kita-ich-und-du.de\/index.php?rest_route=\/wp\/v2\/pages\/136"}],"collection":[{"href":"https:\/\/www.kita-ich-und-du.de\/index.php?rest_route=\/wp\/v2\/pages"}],"about":[{"href":"https:\/\/www.kita-ich-und-du.de\/index.php?rest_route=\/wp\/v2\/types\/page"}],"author":[{"embeddable":true,"href":"https:\/\/www.kita-ich-und-du.de\/index.php?rest_route=\/wp\/v2\/users\/1"}],"replies":[{"embeddable":true,"href":"https:\/\/www.kita-ich-und-du.de\/index.php?rest_route=%2Fwp%2Fv2%2Fcomments&post=136"}],"version-history":[{"count":7,"href":"https:\/\/www.kita-ich-und-du.de\/index.php?rest_route=\/wp\/v2\/pages\/136\/revisions"}],"predecessor-version":[{"id":347,"href":"https:\/\/www.kita-ich-und-du.de\/index.php?rest_route=\/wp\/v2\/pages\/136\/revisions\/347"}],"up":[{"embeddable":true,"href":"https:\/\/www.kita-ich-und-du.de\/index.php?rest_route=\/wp\/v2\/pages\/47"}],"wp:attachment":[{"href":"https:\/\/www.kita-ich-und-du.de\/index.php?rest_route=%2Fwp%2Fv2%2Fmedia&parent=136"}],"curies":[{"name":"wp","href":"https:\/\/api.w.org\/{rel}","templated":true}]}}