{"id":101,"date":"2018-07-03T10:30:00","date_gmt":"2018-07-03T10:30:00","guid":{"rendered":"http:\/\/iui.kinderschloss-st-martin.de\/?page_id=101"},"modified":"2024-09-17T13:54:06","modified_gmt":"2024-09-17T13:54:06","slug":"kita-verbund","status":"publish","type":"page","link":"https:\/\/www.kita-ich-und-du.de\/?page_id=101","title":{"rendered":"Kita-Verbund"},"content":{"rendered":"<p style=\"text-align: center;\"><span style=\"font-family: comic sans ms,sans-serif;\">Wir geh\u00f6ren dem <strong>Kita-Verbund Schlierach- \/Leitzachtal<\/strong> an.<\/span><\/p>\n<p style=\"text-align: center;\"><span style=\"font-family: comic sans ms,sans-serif;\">Verbundsleiter: Johann Grasser<\/span><\/p>\n<p style=\"text-align: center;\"><span style=\"font-family: comic sans ms,sans-serif;\">Im Verbund sind des Weiteren:<\/span><\/p>\n<p style=\"text-align: center;\"><span style=\"font-family: comic sans ms,sans-serif;\">Pfarrkindergarten Miesbach<\/span><\/p>\n<p style=\"text-align: center;\"><span style=\"font-family: comic sans ms,sans-serif;\">Kath. Kindergarten St. Laurentius Parsberg<\/span><\/p>\n<p style=\"text-align: center;\"><span style=\"font-family: comic sans ms,sans-serif;\">Kath. Kindergarten St. Margareth Bayrischzell<\/span><\/p>\n<p style=\"text-align: center;\"><span style=\"font-family: comic sans ms,sans-serif;\">Kath. Kinderschloss St. Martin Fischbachau<\/span><\/p>\n<p style=\"text-align: center;\">Sankt Josef Neuhaus<\/p>\n<p style=\"text-align: center;\"><strong><span style=\"font-family: comic sans ms,sans-serif;\">Tr\u00e4gerleitbild<\/span><\/strong><\/p>\n<p style=\"text-align: center;\"><span style=\"font-family: comic sans ms,sans-serif;\">Der Katholische Kita-Verbund Schlierach-Leitzachtal (kurz Kita-Verbund) ist Teil der Kath. Kirchenstiftung Mari\u00e4 Himmelfahrt in Miesbach und Tr\u00e4gerin f\u00fcr 6 katholische Kindertageseinrichtungen in Miesbach, Parsberg, Agatharied, Fischbachau, Neuhaus und Bayrischzell. Derzeit besch\u00e4ftigten wir rund 100 Mitarbeiterinnen und Mitarbeiter.<\/span><br \/>\n<span style=\"font-family: comic sans ms,sans-serif;\">Als Tr\u00e4ger ist es unser Ziel, dass sich unsere H\u00e4user, individuell nach den Gegebenheit vor Ort, als wertorientierte Bildungsr\u00e4ume mit katholischem Profil, zeitgem\u00e4\u00df und bedarfsgerecht weiterentwickeln.<\/span><br \/>\n<span style=\"font-family: comic sans ms,sans-serif;\">Ziel der Arbeit in den einzelnen H\u00e4usern ist es, den betreuten Kindern einen Rahmen zu geben, der ihnen die Entwicklung ihrer Talente erm\u00f6glicht. Als Basis f\u00fcr ihren individuellen Lebensweg als selbstbewusster gl\u00e4ubiger Mensch. Dabei ist es unser Wunsch, den Kindern und Familien die bestm\u00f6glichen Bildungs-, Erziehungs- und Betreuungsm\u00f6glichkeiten zu bieten. Das christliche Menschenbild, das von N\u00e4chstenliebe, der W\u00fcrde jedes einzelnen Menschen und seinem Recht auf Bildung und Erziehung sowie Teilhabe gepr\u00e4gt ist, ist der Ma\u00dfstab f\u00fcr unser Handeln.<\/span><br \/>\n<span style=\"font-family: comic sans ms,sans-serif;\">Insbesondere f\u00fcr suchende und fragende Familien wollen wir mit unseren H\u00e4usern unterst\u00fctzende und bereichernde Angebote in Glaubens- und Lebensfragen bieten.<\/span><br \/>\n<span style=\"font-family: comic sans ms,sans-serif;\">Mit unserem Angebot sind wir offen f\u00fcr alle Familien die diese inhaltlich-konzeptionell katholische Ausrichtung unabh\u00e4ngig ihrer Konfessionen, Glaubensrichtungen und Weltanschauungen anspricht.<\/span><br \/>\n<span style=\"font-family: comic sans ms,sans-serif;\">Unsere H\u00e4user verstehen sich als lernende Organisationen, die ihre Qualit\u00e4t fortlaufend und systematisch weiterentwickeln. Hierbei ist uns auch die Einbindung aller Eltern sehr wichtig. Die vorliegende Konzeption stellt kein abgeschlossenes Werk dar. Sie besitzt eine lebendige Ausrichtung und orientiert sich bei der immer wiederkehrenden \u00dcberpr\u00fcfung an den sich stetig ver\u00e4ndernden Bedingungen.<\/span><br \/>\n<span style=\"font-family: comic sans ms,sans-serif;\">Wir freuen uns Sie mit unserem Angebot einen Teil in Ihrem Leben zu begleiten.<\/span><\/p>\n<p>&nbsp;<\/p>\n","protected":false},"excerpt":{"rendered":"<p>Wir geh\u00f6ren dem Kita-Verbund Schlierach- \/Leitzachtal an. Verbundsleiter: Johann Grasser Im Verbund sind des Weiteren: Pfarrkindergarten Miesbach Kath. Kindergarten St. Laurentius Parsberg Kath. Kindergarten St. Margareth Bayrischzell Kath. Kinderschloss St. Martin Fischbachau Sankt Josef Neuhaus Tr\u00e4gerleitbild Der Katholische Kita-Verbund Schlierach-Leitzachtal (kurz Kita-Verbund) ist Teil der Kath. Kirchenstiftung Mari\u00e4 Himmelfahrt in Miesbach und Tr\u00e4gerin f\u00fcr 6 [&hellip;]<\/p>\n","protected":false},"author":1,"featured_media":0,"parent":61,"menu_order":1,"comment_status":"closed","ping_status":"closed","template":"","meta":[],"_links":{"self":[{"href":"https:\/\/www.kita-ich-und-du.de\/index.php?rest_route=\/wp\/v2\/pages\/101"}],"collection":[{"href":"https:\/\/www.kita-ich-und-du.de\/index.php?rest_route=\/wp\/v2\/pages"}],"about":[{"href":"https:\/\/www.kita-ich-und-du.de\/index.php?rest_route=\/wp\/v2\/types\/page"}],"author":[{"embeddable":true,"href":"https:\/\/www.kita-ich-und-du.de\/index.php?rest_route=\/wp\/v2\/users\/1"}],"replies":[{"embeddable":true,"href":"https:\/\/www.kita-ich-und-du.de\/index.php?rest_route=%2Fwp%2Fv2%2Fcomments&post=101"}],"version-history":[{"count":7,"href":"https:\/\/www.kita-ich-und-du.de\/index.php?rest_route=\/wp\/v2\/pages\/101\/revisions"}],"predecessor-version":[{"id":544,"href":"https:\/\/www.kita-ich-und-du.de\/index.php?rest_route=\/wp\/v2\/pages\/101\/revisions\/544"}],"up":[{"embeddable":true,"href":"https:\/\/www.kita-ich-und-du.de\/index.php?rest_route=\/wp\/v2\/pages\/61"}],"wp:attachment":[{"href":"https:\/\/www.kita-ich-und-du.de\/index.php?rest_route=%2Fwp%2Fv2%2Fmedia&parent=101"}],"curies":[{"name":"wp","href":"https:\/\/api.w.org\/{rel}","templated":true}]}}